{"id":255313,"date":"2023-07-14T10:46:32","date_gmt":"2023-07-14T10:46:32","guid":{"rendered":"https:\/\/www.mevsimfoods.com\/?page_id=255313"},"modified":"2023-12-27T14:50:05","modified_gmt":"2023-12-27T11:50:05","slug":"dondurulmus-meyve","status":"publish","type":"page","link":"https:\/\/www.mevsimfoods.com\/en\/dondurulmus-meyve\/","title":{"rendered":"frozen fruit"},"content":{"rendered":"<p>[et_pb_section fb_built=&#8221;1&#8243; _builder_version=&#8221;4.22.0&#8243; _module_preset=&#8221;default&#8221; background_color=&#8221;RGBA(255,255,255,0)&#8221; background_image=&#8221;https:\/\/www.mevsimfoods.com\/wp-content\/uploads\/2023\/08\/hexa_yatay.jpg&#8221; parallax=&#8221;on&#8221; custom_padding=&#8221;0px||||false|false&#8221; top_divider_color=&#8221;rgba(11,130,198,0.57)&#8221; top_divider_height=&#8221;341px&#8221; top_divider_repeat=&#8221;1x&#8221; top_divider_height_tablet=&#8221;341px&#8221; top_divider_height_phone=&#8221;197px&#8221; top_divider_height_last_edited=&#8221;on|phone&#8221; bottom_divider_color=&#8221;#0C71C3&#8243; bottom_divider_flip=&#8221;vertical&#8221; global_colors_info=&#8221;{}&#8221;][et_pb_row _builder_version=&#8221;4.22.1&#8243; _module_preset=&#8221;default&#8221; width=&#8221;90%&#8221; max_width=&#8221;90%&#8221; global_colors_info=&#8221;{}&#8221;][et_pb_column type=&#8221;4_4&#8243; _builder_version=&#8221;4.20.2&#8243; _module_preset=&#8221;default&#8221; global_colors_info=&#8221;{}&#8221;][dipl_breadcrumb breadcrumb_layout=&#8221;layout2&#8243; separator_color=&#8221;#000000&#8243; use_home_link_custom_text=&#8221;on&#8221; home_link_text=&#8221;mevsim g\u0131da&#8221; use_home_link_icon=&#8221;on&#8221; home_link_icon=&#8221;&#xf1b3;||fa||900&#8243; home_link_icon_color=&#8221;#26bbe0&#8243; _builder_version=&#8221;4.22.1&#8243; _module_preset=&#8221;default&#8221; global_text_settings_font_size=&#8221;18px&#8221; text_text_color=&#8221;#0ec2ef&#8221; link_text_color=&#8221;#26bbe0&#8243; background_color=&#8221;rgba(255,255,255,0.69)&#8221; custom_margin=&#8221;0px||0px||false|false&#8221; custom_padding=&#8221;4px|4px|0px|9px|false|false&#8221; global_colors_info=&#8221;{}&#8221;][\/dipl_breadcrumb][dipl_fancy_text fancy_text=&#8221;DONDURULMU\u015e MEYVE&#8221; grandient_color_1=&#8221;rgba(43,135,218,0.35)&#8221; grandient_color_2=&#8221;rgba(0,247,243,0.12)&#8221; _builder_version=&#8221;4.22.1&#8243; _module_preset=&#8221;default&#8221; title_font=&#8221;Antic||||||||&#8221; body_font=&#8221;Saira|800|||||||&#8221; body_text_align=&#8221;right&#8221; body_font_size=&#8221;60px&#8221; custom_margin=&#8221;|20px|||false|false&#8221; body_font_size_tablet=&#8221;60px&#8221; body_font_size_phone=&#8221;24px&#8221; body_font_size_last_edited=&#8221;on|phone&#8221; global_colors_info=&#8221;{}&#8221;][\/dipl_fancy_text][dipl_image_card_carousel slider_loop=&#8221;on&#8221; cards_per_slide_tablet=&#8221;2&#8243; cards_per_slide_phone=&#8221;1&#8243; _builder_version=&#8221;4.23.2&#8243; _module_preset=&#8221;default&#8221; title_font=&#8221;|700|||||||&#8221; title_font_size=&#8221;32px&#8221; text_orientation=&#8221;center&#8221; animation_style=&#8221;fade&#8221; global_colors_info=&#8221;{}&#8221;][dipl_image_card_carousel_item title=&#8221;S\u0130YAH \u0130NC\u0130R&#8221; image=&#8221;https:\/\/www.mevsimfoods.com\/wp-content\/uploads\/2023\/08\/urun_siyah_incir.png&#8221; _builder_version=&#8221;4.22.1&#8243; _module_preset=&#8221;default&#8221; global_colors_info=&#8221;{}&#8221;]<\/p>\n<p>Variety: Bursa Siyah\u0131<br \/>Calibration: Peeled and\/or Unpeeled<br \/>Whole, \u00bd, 1\/4, 10x10, 20x20<br \/>Packaging: 10kg Carton Box<\/p>\n<p>[\/dipl_image_card_carousel_item][dipl_image_card_carousel_item title=&#8221;NAR&#8221; image=&#8221;https:\/\/www.mevsimfoods.com\/wp-content\/uploads\/2023\/08\/urun_nar.png&#8221; _builder_version=&#8221;4.22.1&#8243; _module_preset=&#8221;default&#8221; global_colors_info=&#8221;{}&#8221;]<\/p>\n<p>Variety: Hicaz <br \/>Calibration: Kernel<br \/>Packaging:10kg Carton Box<\/p>\n<p>[\/dipl_image_card_carousel_item][dipl_image_card_carousel_item title=&#8221;SARI \u0130NC\u0130R&#8221; image=&#8221;https:\/\/www.mevsimfoods.com\/wp-content\/uploads\/2023\/08\/urun_sari_incir.png&#8221; _builder_version=&#8221;4.22.1&#8243; _module_preset=&#8221;default&#8221; global_colors_info=&#8221;{}&#8221;]<\/p>\n<p>Variety: Aydin<br \/>Calibration: Peeled and\/or Unpeeled<br \/>Calibration: Peeled and\/or Unpeeled\nWhole, \u00bd, 1\/4, 10x10, 20x20, roundels<br \/>Packaging: 10kg Carton Box<\/p>\n<p>[\/dipl_image_card_carousel_item][dipl_image_card_carousel_item title=&#8221;AYVA&#8221; image=&#8221;https:\/\/www.mevsimfoods.com\/wp-content\/uploads\/2023\/08\/urun_ayva.png&#8221; _builder_version=&#8221;4.22.1&#8243; _module_preset=&#8221;default&#8221; global_colors_info=&#8221;{}&#8221;]<\/p>\n<p>Variety: Esme<br \/>Calibration: Peeled \/ 10x10<br \/>Packaging:10kg Carton Box<\/p>\n<p>[\/dipl_image_card_carousel_item][dipl_image_card_carousel_item title=&#8221;PORTAKAL&#8221; image=&#8221;https:\/\/www.mevsimfoods.com\/wp-content\/uploads\/2023\/08\/urun_portakal.png&#8221; _builder_version=&#8221;4.22.1&#8243; _module_preset=&#8221;default&#8221; global_colors_info=&#8221;{}&#8221;]<\/p>\n<p>Variety: W. Navel<br \/>Calibration: Peeled Segment, 1\/8 Segment,20x20<br \/>Packaging:10kg Carton Box<\/p>\n<p>[\/dipl_image_card_carousel_item][dipl_image_card_carousel_item title=&#8221;GREYFURT&#8221; image=&#8221;https:\/\/www.mevsimfoods.com\/wp-content\/uploads\/2023\/08\/urun_greyfurt.png&#8221; _builder_version=&#8221;4.22.1&#8243; _module_preset=&#8221;default&#8221; global_colors_info=&#8221;{}&#8221;]<\/p>\n<p>Variety: Ruby<br \/>Calibration: Peeled Segment, 1\/8 Segment,20x20<br \/>Packaging:10kg Carton Box<\/p>\n<p>[\/dipl_image_card_carousel_item][dipl_image_card_carousel_item title=&#8221;L\u0130MON&#8221; image=&#8221;https:\/\/www.mevsimfoods.com\/wp-content\/uploads\/2023\/08\/urun_limon.png&#8221; _builder_version=&#8221;4.22.1&#8243; _module_preset=&#8221;default&#8221; global_colors_info=&#8221;{}&#8221;]<\/p>\n<p>Variety: Enterdonat &amp; Lamas<br \/>Calibration: Whole &amp; 20x20 <br \/>Packaging:10kg Carton Box<\/p>\n<p>[\/dipl_image_card_carousel_item][dipl_image_card_carousel_item title=&#8221;NARENC\u0130YE KABUKLU&#8221; image=&#8221;https:\/\/www.mevsimfoods.com\/wp-content\/uploads\/2023\/08\/urun_narenciye.png&#8221; _builder_version=&#8221;4.22.1&#8243; _module_preset=&#8221;default&#8221; global_colors_info=&#8221;{}&#8221;]<\/p>\n<p>Portakal-Greyfurt-Limon<br \/>\u00c7e\u015fit:Washington Navel\/ Star Ruby, White Marsh \/ Enterdonato \/ Lamas<br \/>Kalibre: Kabuklu &#8211; El Kesimi<br \/>Packaging:10kg Carton Box<\/p>\n<p>[\/dipl_image_card_carousel_item][dipl_image_card_carousel_item title=&#8221;NARENC\u0130YE KABUKLARI&#8221; image=&#8221;https:\/\/www.mevsimfoods.com\/wp-content\/uploads\/2023\/08\/urun_portakal_kabugu.png&#8221; _builder_version=&#8221;4.22.1&#8243; _module_preset=&#8221;default&#8221; global_colors_info=&#8221;{}&#8221;]<\/p>\n<p>\u00c7e\u015fit: W. Navel, Enterdonat,Star Ruby, W. Morsh<br \/>Kalibre: B\u00fct\u00fcn, Strip<br \/>Packaging:10kg Carton Box<\/p>\n<p>[\/dipl_image_card_carousel_item][dipl_image_card_carousel_item title=&#8221;S\u0130YAH \u00dcZ\u00dcM&#8221; image=&#8221;https:\/\/www.mevsimfoods.com\/wp-content\/uploads\/2023\/08\/urun_siyah_uzum.png&#8221; _builder_version=&#8221;4.22.1&#8243; _module_preset=&#8221;default&#8221; global_colors_info=&#8221;{}&#8221;]<\/p>\n<p>Variety: Blackfinger<br \/>Calibration: Whole<br \/>Packaging:10kg Carton Box<\/p>\n<p>[\/dipl_image_card_carousel_item][dipl_image_card_carousel_item title=&#8221;YE\u015e\u0130L \u00dcZ\u00dcM&#8221; image=&#8221;https:\/\/www.mevsimfoods.com\/wp-content\/uploads\/2023\/08\/urun_uzum.png&#8221; _builder_version=&#8221;4.22.1&#8243; _module_preset=&#8221;default&#8221; global_colors_info=&#8221;{}&#8221;]<\/p>\n<p>Variety: Sultana\/Crimson<br \/>Calibration: Whole<br \/>Packaging:10kg Carton Box<\/p>\n<p>[\/dipl_image_card_carousel_item][dipl_image_card_carousel_item title=&#8221;KAVUN&#8221; image=&#8221;https:\/\/www.mevsimfoods.com\/wp-content\/uploads\/2023\/12\/urun_kavun.png&#8221; _builder_version=&#8221;4.23.2&#8243; _module_preset=&#8221;default&#8221; global_colors_info=&#8221;{}&#8221;]<\/p>\n<p>Varietyt: Honeydew \/ Cantaloupe<br \/>Calibration: peeled \/10x10 ve 20x20<br \/>Packaging:10kg Carton Box<\/p>\n<p>[\/dipl_image_card_carousel_item][dipl_image_card_carousel_item title=&#8221;\u00c7\u0130LEK&#8221; image=&#8221;https:\/\/www.mevsimfoods.com\/wp-content\/uploads\/2023\/07\/hexa_04.png&#8221; _builder_version=&#8221;4.23.2&#8243; _module_preset=&#8221;default&#8221; global_colors_info=&#8221;{}&#8221;]<\/p>\n<p>Variety: Camaroza<br \/>Calibration: 10-26 &amp; 26+ &amp; 10mm Diced<br \/>Packaging:10kg Carton Box<\/p>\n<p>[\/dipl_image_card_carousel_item][dipl_image_card_carousel_item title=&#8221;KAYISI&#8221; image=&#8221;https:\/\/www.mevsimfoods.com\/wp-content\/uploads\/2023\/12\/urun_kayisi.png&#8221; _builder_version=&#8221;4.23.2&#8243; _module_preset=&#8221;default&#8221; global_colors_info=&#8221;{}&#8221;]<\/p>\n<p>Variety: Sekerpare<br \/>Calibration: \u00bd &amp; 10x10<br \/>Packaging:10kg Carton Box<\/p>\n<p>[\/dipl_image_card_carousel_item][dipl_image_card_carousel_item title=&#8221;ARMUT&#8221; image=&#8221;https:\/\/www.mevsimfoods.com\/wp-content\/uploads\/2023\/12\/urun_armut.png&#8221; _builder_version=&#8221;4.23.2&#8243; _module_preset=&#8221;default&#8221; global_colors_info=&#8221;{}&#8221;]<\/p>\n<p class=\"Normal\"><span class=\"tm5\">Variety: Williams<br \/><\/span><span class=\"tm5\">Calibration: Peeled \/ 10x10<br \/><\/span><span class=\"tm5\">Packaging:10kg Carton Box<\/span><\/p>\n<p>[\/dipl_image_card_carousel_item][dipl_image_card_carousel_item title=&#8221;MANDARIN&#8221; image=&#8221;https:\/\/www.mevsimfoods.com\/wp-content\/uploads\/2023\/12\/hexa_03.png&#8221; _builder_version=&#8221;4.23.2&#8243; _module_preset=&#8221;default&#8221; global_colors_info=&#8221;{}&#8221;]<\/p>\n<p class=\"Normal\"><span class=\"tm5\">Variety: Clementine<br \/><\/span><span class=\"tm5\">Calibration: Segment<br \/><\/span><span class=\"tm5\">Packaging:10kg Carton Box<\/span><\/p>\n<p>[\/dipl_image_card_carousel_item][\/dipl_image_card_carousel][\/et_pb_column][\/et_pb_row][\/et_pb_section]<\/p>","protected":false},"excerpt":{"rendered":"<p><div class=\"et_pb_module dipl_breadcrumb dipl_breadcrumb_0\">\n\t\t\t\t\n\t\t\t\t\n\t\t\t\t\n\t\t\t\t\n\t\t\t\t\n\t\t\t\t\n\t\t\t\t<div class=\"et_pb_module_inner\">\n\t\t\t\t\t<div class=\"dipl-breadcrumb-wrapper layout2\">\n\t\t\t\t<ol class=\"dipl-breadcrumb-inner\" vocab=\"https:\/\/schema.org\/\" typeof=\"BreadcrumbList\">\n\t\t\t\t\t<li property=\"itemListElement\" typeof=\"ListItem\" data-icon=\"&#x24;\">\n\t\t\t\t\t\t\t\t<a class=\"breadcrumb-item dipl-home-page\" href=\"https:\/\/www.mevsimfoods.com\/en\" property=\"item\" typeof=\"WebPage\" >\n\t\t\t\t\t\t\t\t\t<span class=\"breadcrumb-page\" property=\"name\">\n\t\t\t\t\t\t\t\t\t\t<span class=\"breadcrumb-home-icon et-pb-icon\">&#xf1b3;<\/span>\n\t\t\t\t\t\t\t\t\t\tmevsim foods\n\t\t\t\t\t\t\t\t\t<\/span>\n\t\t\t\t\t\t\t\t<\/a>\n\t\t\t\t\t\t\t\t<meta property=\"position\" content=\"1\" \/>\n\t\t\t\t\t\t\t<\/li>\n\t\t\t\t<\/ol>\n\t\t\t<\/div>\n\t\t\t\t<\/div>\n\t\t\t<\/div><div class=\"et_pb_module dipl_fancy_text dipl_fancy_text_0\">\n\t\t\t\t\n\t\t\t\t\n\t\t\t\t\n\t\t\t\t\n\t\t\t\t\n\t\t\t\t\n\t\t\t\t<div class=\"et_pb_module_inner\">\n\t\t\t\t\t<div class=\"dipl_gradient\">\n\t\t\t\t<div class=\"dipl-text-wrapper\">\n\t\t\t\t\t<div class=\"dipl-text-wrapper-inner dipl_gradient_text\">FROZEN FRUIT<\/div>\n\t\t\t\t<\/div>\n\t\t\t<\/div>\n\t\t\t\t<\/div>\n\t\t\t<\/div><div class=\"et_pb_module dipl_image_card_carousel dipl_image_card_carousel_0 et_animated  et_pb_text_align_center\">\n\t\t\t\t\n\t\t\t\t\n\t\t\t\t\n\t\t\t\t\n\t\t\t\t\n\t\t\t\t\n\t\t\t\t<div class=\"et_pb_module_inner\">\n\t\t\t\t\t<h1>No Result Found!<\/h1><p>The carousel you requested could not be found. Try changing your module settings or add some new cards.<\/p><\/div>\n\t\t\t\t<\/div>\n\t\t\t<\/div><div class=\"et_pb_module dipl_image_card_carousel_item dipl_image_card_carousel_item_0  et_pb_bg_layout_light dipl_image_card_carousel_slide swiper-slide\">\n\t\t\t\t\n\t\t\t\t\n\t\t\t\t\n\t\t\t\t\n\t\t\t\t\n\t\t\t\t\n\t\t\t\t<div class=\"et_pb_module_inner\">\n\t\t\t\t\t<div class=\"dipl_image_card_wrapper\"><div class=\"dipl_image_card_image_wrapper\"><img decoding=\"async\" src=\"https:\/\/www.mevsimfoods.com\/wp-content\/uploads\/2023\/08\/urun_siyah_incir.png\" alt=\"\" srcset=\"https:\/\/www.mevsimfoods.com\/wp-content\/uploads\/2023\/08\/urun_siyah_incir.png 708w, https:\/\/www.mevsimfoods.com\/wp-content\/uploads\/2023\/08\/urun_siyah_incir-480x542.png 480w\" sizes=\"(min-width: 0px) and (max-width: 480px) 480px, (min-width: 481px) 708px, 100vw\" class=\"dipl_image_card_image no-lazyload skip-lazy\" \/><\/div><div class=\"dipl_image_card_content_wrapper\">\n\t\t\t\t\t\n\t\t\t\t\t<div class=\"dipl_image_card_inner_content_wrapper\"><h4 class=\"dipl_image_card_title\">BLACK FIG<\/h4><\/div>\n\t\t\t\t<\/div><\/div>\n\t\t\t\t<\/div>\n\t\t\t<\/div>\u00c7e\u015fit: Bursa Siyah\u0131Kalibre: Kabuklu ve KabuksuzB\u00fct\u00fcn, \u00bd, [&hellip;]<\/p>","protected":false},"author":1,"featured_media":0,"parent":0,"menu_order":0,"comment_status":"closed","ping_status":"closed","template":"","meta":{"_et_pb_use_builder":"on","_et_pb_old_content":"","_et_gb_content_width":"","_monsterinsights_skip_tracking":false,"_monsterinsights_sitenote_active":false,"_monsterinsights_sitenote_note":"","_monsterinsights_sitenote_category":0,"footnotes":""},"class_list":["post-255313","page","type-page","status-publish","hentry"],"aioseo_notices":[],"_links":{"self":[{"href":"https:\/\/www.mevsimfoods.com\/en\/wp-json\/wp\/v2\/pages\/255313","targetHints":{"allow":["GET"]}}],"collection":[{"href":"https:\/\/www.mevsimfoods.com\/en\/wp-json\/wp\/v2\/pages"}],"about":[{"href":"https:\/\/www.mevsimfoods.com\/en\/wp-json\/wp\/v2\/types\/page"}],"author":[{"embeddable":true,"href":"https:\/\/www.mevsimfoods.com\/en\/wp-json\/wp\/v2\/users\/1"}],"replies":[{"embeddable":true,"href":"https:\/\/www.mevsimfoods.com\/en\/wp-json\/wp\/v2\/comments?post=255313"}],"version-history":[{"count":25,"href":"https:\/\/www.mevsimfoods.com\/en\/wp-json\/wp\/v2\/pages\/255313\/revisions"}],"predecessor-version":[{"id":255642,"href":"https:\/\/www.mevsimfoods.com\/en\/wp-json\/wp\/v2\/pages\/255313\/revisions\/255642"}],"wp:attachment":[{"href":"https:\/\/www.mevsimfoods.com\/en\/wp-json\/wp\/v2\/media?parent=255313"}],"curies":[{"name":"wp","href":"https:\/\/api.w.org\/{rel}","templated":true}]}}