{"id":112271,"date":"2023-03-13T14:50:26","date_gmt":"2023-03-13T14:50:26","guid":{"rendered":"https:\/\/www.mevsimfoods.com\/?page_id=112271"},"modified":"2026-01-08T14:06:16","modified_gmt":"2026-01-08T11:06:16","slug":"anasayfa","status":"publish","type":"page","link":"https:\/\/www.mevsimfoods.com\/en\/","title":{"rendered":"anasayfa"},"content":{"rendered":"<p>[et_pb_section fb_built=&#8221;1&#8243; _builder_version=&#8221;4.20.2&#8243; _module_preset=&#8221;default&#8221; background_color=&#8221;RGBA(255,255,255,0)&#8221; background_enable_image=&#8221;off&#8221; background_size=&#8221;initial&#8221; background_position=&#8221;top_center&#8221; custom_padding=&#8221;0px||||false|false&#8221; top_divider_style=&#8221;asymmetric2&#8243; top_divider_color=&#8221;rgba(11,130,198,0.57)&#8221; top_divider_height=&#8221;341px&#8221; top_divider_repeat=&#8221;1x&#8221; top_divider_height_tablet=&#8221;341px&#8221; top_divider_height_phone=&#8221;197px&#8221; top_divider_height_last_edited=&#8221;on|phone&#8221; bottom_divider_color=&#8221;#0C71C3&#8243; bottom_divider_flip=&#8221;vertical&#8221; global_colors_info=&#8221;{}&#8221;][et_pb_row _builder_version=&#8221;4.20.2&#8243; _module_preset=&#8221;default&#8221; z_index=&#8221;-1&#8243; width=&#8221;100%&#8221; max_width=&#8221;100%&#8221; custom_padding=&#8221;0px||0px||false|false&#8221; global_colors_info=&#8221;{}&#8221;][et_pb_column type=&#8221;4_4&#8243; _builder_version=&#8221;4.20.2&#8243; _module_preset=&#8221;default&#8221; global_colors_info=&#8221;{}&#8221;][revslider_divi revslider_divi=&#8221;%91rev_slider alias=%22slider-1-1%22 slidertitle=%22Slider 1 1%22%93%91\/rev_slider%93&#8243; _builder_version=&#8221;4.20.2&#8243; _module_preset=&#8221;default&#8221; global_colors_info=&#8221;{}&#8221;][\/revslider_divi][\/et_pb_column][\/et_pb_row][et_pb_row column_structure=&#8221;1_3,1_3,1_3&#8243; _builder_version=&#8221;4.20.2&#8243; _module_preset=&#8221;default&#8221; width=&#8221;90%&#8221; max_width=&#8221;90%&#8221; custom_margin=&#8221;50px||50px||false|false&#8221; global_colors_info=&#8221;{}&#8221;][et_pb_column type=&#8221;1_3&#8243; _builder_version=&#8221;4.20.2&#8243; _module_preset=&#8221;default&#8221; global_colors_info=&#8221;{}&#8221;][dipl_interactive_image_card title=&#8221;BURSA&#8221; image=&#8221;https:\/\/www.mevsimfoods.com\/wp-content\/uploads\/2023\/12\/Untitled-1.jpg&#8221; select_layout=&#8221;effect-ruby&#8221; image_opacity=&#8221;1&#8243; overlay_color=&#8221;RGBA(255,255,255,0)&#8221; _builder_version=&#8221;4.23.2&#8243; _dynamic_attributes=&#8221;link_option_url&#8221; _module_preset=&#8221;default&#8221; title_font=&#8221;||||||||&#8221; title_text_color=&#8221;#FFFFFF&#8221; title_font_size=&#8221;32px&#8221; background_color=&#8221;RGBA(255,255,255,0)&#8221; width=&#8221;100%&#8221; max_width=&#8221;100%&#8221; custom_margin=&#8221;30px||30px||false|false&#8221; custom_padding=&#8221;0px||0px||false|false&#8221; animation_style=&#8221;fade&#8221; link_option_url=&#8221;@ET-DC@eyJkeW5hbWljIjp0cnVlLCJjb250ZW50IjoicG9zdF9saW5rX3VybF9wYWdlIiwic2V0dGluZ3MiOnsicG9zdF9pZCI6IjI1NTU3OSJ9fQ==@&#8221; title_text_shadow_style=&#8221;preset2&#8243; border_radii=&#8221;on|62px|62px|62px|62px&#8221; border_width_all=&#8221;5px&#8221; border_color_all=&#8221;rgba(15,199,255,0.31)&#8221; global_colors_info=&#8221;{}&#8221; overlay_color__hover_enabled=&#8221;on|hover&#8221; overlay_color__hover=&#8221;rgba(0,157,214,0.59)&#8221;]<\/p>\n<p>\u00fcretim tesislerimiz<\/p>\n<p>[\/dipl_interactive_image_card][\/et_pb_column][et_pb_column type=&#8221;1_3&#8243; _builder_version=&#8221;4.20.2&#8243; _module_preset=&#8221;default&#8221; global_colors_info=&#8221;{}&#8221;][dipl_interactive_image_card title=&#8221;MAN\u0130SA &#8211; SAL\u0130HL\u0130&#8221; image=&#8221;https:\/\/www.mevsimfoods.com\/wp-content\/uploads\/2025\/06\/SBZR_2025-9.jpg&#8221; select_layout=&#8221;effect-ruby&#8221; image_opacity=&#8221;1&#8243; overlay_color=&#8221;RGBA(255,255,255,0)&#8221; _builder_version=&#8221;4.27.4&#8243; _dynamic_attributes=&#8221;link_option_url&#8221; _module_preset=&#8221;default&#8221; title_font=&#8221;||||||||&#8221; title_text_color=&#8221;#FFFFFF&#8221; title_font_size=&#8221;32px&#8221; background_color=&#8221;RGBA(255,255,255,0)&#8221; width=&#8221;100%&#8221; max_width=&#8221;100%&#8221; custom_margin=&#8221;30px||30px||false|false&#8221; custom_padding=&#8221;0px||0px||false|false&#8221; animation_style=&#8221;fade&#8221; link_option_url=&#8221;@ET-DC@eyJkeW5hbWljIjp0cnVlLCJjb250ZW50IjoicG9zdF9saW5rX3VybF9wYWdlIiwic2V0dGluZ3MiOnsicG9zdF9pZCI6IjI1NTYwNSJ9fQ==@&#8221; hover_enabled=&#8221;0&#8243; title_text_shadow_style=&#8221;preset2&#8243; border_radii=&#8221;on|62px|62px|62px|62px&#8221; border_width_all=&#8221;5px&#8221; border_color_all=&#8221;rgba(15,199,255,0.31)&#8221; global_colors_info=&#8221;{}&#8221; overlay_color__hover_enabled=&#8221;on|hover&#8221; overlay_color__hover=&#8221;rgba(0,157,214,0.59)&#8221; title_text=&#8221;SBZR_2025 (9)&#8221; sticky_enabled=&#8221;0&#8243;]<\/p>\n<p>\u00fcretim tesislerimiz<\/p>\n<p>[\/dipl_interactive_image_card][\/et_pb_column][et_pb_column type=&#8221;1_3&#8243; _builder_version=&#8221;4.20.2&#8243; _module_preset=&#8221;default&#8221; global_colors_info=&#8221;{}&#8221;][dipl_interactive_image_card title=&#8221;B\u0130RLE\u015e\u0130K TARIM&#8221; image=&#8221;https:\/\/www.mevsimfoods.com\/wp-content\/uploads\/2023\/09\/msvm_bir.jpg&#8221; select_layout=&#8221;effect-ruby&#8221; image_opacity=&#8221;1&#8243; overlay_color=&#8221;RGBA(255,255,255,0)&#8221; _builder_version=&#8221;4.22.1&#8243; _dynamic_attributes=&#8221;link_option_url&#8221; _module_preset=&#8221;default&#8221; title_font=&#8221;||||||||&#8221; title_text_color=&#8221;#FFFFFF&#8221; title_font_size=&#8221;32px&#8221; background_color=&#8221;RGBA(255,255,255,0)&#8221; width=&#8221;100%&#8221; max_width=&#8221;100%&#8221; custom_margin=&#8221;30px||30px||false|false&#8221; custom_padding=&#8221;0px||0px||false|false&#8221; animation_style=&#8221;fade&#8221; link_option_url=&#8221;@ET-DC@eyJkeW5hbWljIjp0cnVlLCJjb250ZW50IjoicG9zdF9saW5rX3VybF9wYWdlIiwic2V0dGluZ3MiOnsicG9zdF9pZCI6IjI1NTYwNyJ9fQ==@&#8221; title_text_shadow_style=&#8221;preset2&#8243; border_radii=&#8221;on|62px|62px|62px|62px&#8221; border_width_all=&#8221;5px&#8221; border_color_all=&#8221;rgba(15,199,255,0.31)&#8221; global_colors_info=&#8221;{}&#8221; overlay_color__hover_enabled=&#8221;on|hover&#8221; overlay_color__hover=&#8221;rgba(0,157,214,0.59)&#8221;]<\/p>\n<p>\u00fcretim tesislerimiz<\/p>\n<p>[\/dipl_interactive_image_card][\/et_pb_column][\/et_pb_row][et_pb_row _builder_version=&#8221;4.22.1&#8243; _module_preset=&#8221;default&#8221; width=&#8221;100%&#8221; max_width=&#8221;100%&#8221; custom_padding=&#8221;0px||0px||false|false&#8221; global_colors_info=&#8221;{}&#8221;][et_pb_column type=&#8221;4_4&#8243; _builder_version=&#8221;4.20.2&#8243; _module_preset=&#8221;default&#8221; global_colors_info=&#8221;{}&#8221;][et_pb_text content_tablet=&#8221;<\/p>\n<h2 style=\"%22text-align:\" center;%22>Dondurulmu\u015f MEYVE &#8211; SEBZE &#038; Ya\u015f MEYVE &#8211; SEBZE<\/h2>\n<p>&#8221; content_phone=&#8221;<\/p>\n<h4 style=\"%22text-align:\" center;%22>Dondurulmu\u015f MEYVE &#8211; SEBZE &#038; Ya\u015f MEYVE &#8211; SEBZE<\/h4>\n<p>&#8221; content_last_edited=&#8221;on|phone&#8221; _builder_version=&#8221;4.22.1&#8243; _module_preset=&#8221;default&#8221; custom_margin=&#8221;||0px||false|false&#8221; custom_padding=&#8221;||0px||false|false&#8221; global_colors_info=&#8221;{}&#8221;]<\/p>\n<h2 style=\"text-align: center;\">Dondurulmu\u015f MEYVE &#8211; SEBZE &amp; Ya\u015f MEYVE &#8211; SEBZE<\/h2>\n<p>[\/et_pb_text][dipl_logo_slider logo_per_slide=&#8221;10&#8243; slider_loop=&#8221;on&#8221; autoplay_speed=&#8221;100&#8243; show_arrow=&#8221;off&#8221; show_control_dot=&#8221;off&#8221; slide_image_width=&#8221;300px&#8221; slide_image_height=&#8221;300px&#8221; logo_per_slide_tablet=&#8221;3&#8243; logo_per_slide_phone=&#8221;1&#8243; logo_per_slide_last_edited=&#8221;on|phone&#8221; _builder_version=&#8221;4.23.2&#8243; _module_preset=&#8221;default&#8221; background_color=&#8221;RGBA(255,255,255,0)&#8221; custom_padding=&#8221;0px||0px||false|false&#8221; global_colors_info=&#8221;{}&#8221;][dipl_logo_slider_item upload_logo_image=&#8221;https:\/\/www.mevsimfoods.com\/wp-content\/uploads\/2023\/08\/urun_siyah_incir.png&#8221; _builder_version=&#8221;4.22.1&#8243; _module_preset=&#8221;default&#8221; global_colors_info=&#8221;{}&#8221;][\/dipl_logo_slider_item][dipl_logo_slider_item upload_logo_image=&#8221;https:\/\/www.mevsimfoods.com\/wp-content\/uploads\/2023\/07\/hexa_04.png&#8221; _builder_version=&#8221;4.22.1&#8243; _module_preset=&#8221;default&#8221; global_colors_info=&#8221;{}&#8221;][\/dipl_logo_slider_item][dipl_logo_slider_item upload_logo_image=&#8221;https:\/\/www.mevsimfoods.com\/wp-content\/uploads\/2023\/08\/urun_sari_incir.png&#8221; _builder_version=&#8221;4.22.1&#8243; _module_preset=&#8221;default&#8221; global_colors_info=&#8221;{}&#8221;][\/dipl_logo_slider_item][dipl_logo_slider_item upload_logo_image=&#8221;https:\/\/www.mevsimfoods.com\/wp-content\/uploads\/2023\/07\/hexa_03.png&#8221; _builder_version=&#8221;4.22.1&#8243; _module_preset=&#8221;default&#8221; global_colors_info=&#8221;{}&#8221;][\/dipl_logo_slider_item][dipl_logo_slider_item upload_logo_image=&#8221;https:\/\/www.mevsimfoods.com\/wp-content\/uploads\/2023\/08\/urun_ceri_domates.png&#8221; _builder_version=&#8221;4.22.1&#8243; _module_preset=&#8221;default&#8221; global_colors_info=&#8221;{}&#8221;][\/dipl_logo_slider_item][dipl_logo_slider_item upload_logo_image=&#8221;https:\/\/www.mevsimfoods.com\/wp-content\/uploads\/2023\/07\/hexa_05.png&#8221; _builder_version=&#8221;4.22.1&#8243; _module_preset=&#8221;default&#8221; global_colors_info=&#8221;{}&#8221;][\/dipl_logo_slider_item][dipl_logo_slider_item upload_logo_image=&#8221;https:\/\/www.mevsimfoods.com\/wp-content\/uploads\/2023\/07\/hexa_06.png&#8221; _builder_version=&#8221;4.22.1&#8243; _module_preset=&#8221;default&#8221; global_colors_info=&#8221;{}&#8221;][\/dipl_logo_slider_item][dipl_logo_slider_item upload_logo_image=&#8221;https:\/\/www.mevsimfoods.com\/wp-content\/uploads\/2023\/08\/urun_taze_ayva.png&#8221; _builder_version=&#8221;4.22.1&#8243; _module_preset=&#8221;default&#8221; global_colors_info=&#8221;{}&#8221;][\/dipl_logo_slider_item][dipl_logo_slider_item upload_logo_image=&#8221;https:\/\/www.mevsimfoods.com\/wp-content\/uploads\/2023\/08\/urun_taze_nar.png&#8221; _builder_version=&#8221;4.22.1&#8243; _module_preset=&#8221;default&#8221; global_colors_info=&#8221;{}&#8221;][\/dipl_logo_slider_item][dipl_logo_slider_item upload_logo_image=&#8221;https:\/\/www.mevsimfoods.com\/wp-content\/uploads\/2023\/08\/urun_taze_siyah_incir.png&#8221; _builder_version=&#8221;4.22.1&#8243; _module_preset=&#8221;default&#8221; global_colors_info=&#8221;{}&#8221;][\/dipl_logo_slider_item][\/dipl_logo_slider][\/et_pb_column][\/et_pb_row][\/et_pb_section]<\/p>","protected":false},"excerpt":{"rendered":"<p><div class=\"et_pb_module revslider_divi revslider_divi_0\">\n\t\t\t\t\n\t\t\t\t\n\t\t\t\t\n\t\t\t\t\n\t\t\t\t\n\t\t\t\t\n\t\t\t\t<div class=\"et_pb_module_inner\">\n\t\t\t\t\t\n\t\t\t<!-- START Slider 1 1 REVOLUTION SLIDER 6.6.8 --><p class=\"rs-p-wp-fix\"><\/p>\n\t\t\t<rs-module-wrap id=\"rev_slider_2_1_wrapper\" data-source=\"gallery\" style=\"visibility:hidden;background:transparent;padding:0;margin:0px auto;margin-top:0;margin-bottom:0;\">\n\t\t\t\t<rs-module id=\"rev_slider_2_1\" style=\"\" data-version=\"6.6.8\">\n\t\t\t\t\t<rs-slides style=\"overflow: hidden; position: absolute;\">\n\t\t\t\t\t\t<rs-slide style=\"position: absolute;\" data-key=\"rs-6\" data-title=\"Slide\" data-in=\"o:0;row:400;\" data-out=\"a:false;\">\n\t\t\t\t\t\t\t<img decoding=\"async\" src=\"\/\/www.mevsimfoods.com\/wp-content\/plugins\/revslider\/public\/assets\/assets\/dummy.png\" alt=\"\" title=\"slider_06\" width=\"1920\" height=\"750\" class=\"rev-slidebg tp-rs-img rs-lazyload\" data-lazyload=\"\/\/www.mevsimfoods.com\/wp-content\/uploads\/2023\/09\/slider_06.jpg\" data-panzoom=\"d:10000;ss:100%;se:110%;\" data-no-retina>\n<!---->\t\t\t\t\t\t<\/rs-slide>\n\t\t\t\t\t\t<rs-slide style=\"position: absolute;\" data-key=\"rs-5\" data-title=\"Slide\" data-in=\"o:0;row:400;\" data-out=\"a:false;\">\n\t\t\t\t\t\t\t<img decoding=\"async\" src=\"\/\/www.mevsimfoods.com\/wp-content\/plugins\/revslider\/public\/assets\/assets\/dummy.png\" alt=\"\" title=\"slider_07\" width=\"1920\" height=\"750\" class=\"rev-slidebg tp-rs-img rs-lazyload\" data-lazyload=\"\/\/www.mevsimfoods.com\/wp-content\/uploads\/2023\/09\/slider_07.jpg\" data-panzoom=\"d:10000;ss:100%;se:110%;\" data-no-retina>\n<!---->\t\t\t\t\t\t<\/rs-slide>\n\t\t\t\t\t\t<rs-slide style=\"position: absolute;\" data-key=\"rs-8\" data-title=\"Slide\" data-in=\"o:0;row:400;\" data-out=\"a:false;\">\n\t\t\t\t\t\t\t<img decoding=\"async\" src=\"\/\/www.mevsimfoods.com\/wp-content\/plugins\/revslider\/public\/assets\/assets\/dummy.png\" alt=\"\" title=\"ban_02\" width=\"1920\" height=\"750\" class=\"rev-slidebg tp-rs-img rs-lazyload\" data-lazyload=\"\/\/www.mevsimfoods.com\/wp-content\/uploads\/2023\/07\/ban_02.jpg\" data-panzoom=\"d:10000;ss:100%;se:110%;\" data-no-retina>\n<!---->\t\t\t\t\t\t<\/rs-slide>\n\t\t\t\t\t<\/rs-slides>\n\t\t\t\t\t<rs-static-layers><!--\n\n\t\t\t\t\t\t\t--><rs-layer\n\t\t\t\t\t\t\t\tid=\"slider-2-slide-2-layer-0\" \n\t\t\t\t\t\t\t\tclass=\"rs-layer-static\"\n\t\t\t\t\t\t\t\tdata-type=\"text\"\n\t\t\t\t\t\t\t\tdata-color=\"#fff||#fff||#fff||#34aadc\"\n\t\t\t\t\t\t\t\tdata-tsh=\"h:5px,5px,5px,0px;v:5px,5px,5px,0px;b:2px,2px,2px,0px;\"\n\t\t\t\t\t\t\t\tdata-rsp_ch=\"on\"\n\t\t\t\t\t\t\t\tdata-xy=\"xo:0,0,0,-188px;yo:542px,542px,542px,500px;\"\n\t\t\t\t\t\t\t\tdata-text=\"w:normal;s:50,50,50,24;l:65,65,65,33;ls:2,2,2,0;fw:300,300,300,600;a:right;\"\n\t\t\t\t\t\t\t\tdata-dim=\"w:1192px,1192px,1192px,651px;minh:0px,0px,0px,none;\"\n\t\t\t\t\t\t\t\tdata-onslides=\"s:1;\"\n\t\t\t\t\t\t\t\tdata-padding=\"t:10,10,10,5;r:10,10,10,5;b:10,10,10,5;l:10,10,10,5;\"\n\t\t\t\t\t\t\t\tdata-frame_0=\"x:-50,-50,-50,-24px;y:0,0,0,0px;\"\n\t\t\t\t\t\t\t\tdata-frame_1=\"x:0,0,0,0px;y:0,0,0,0px;sp:1000;\"\n\t\t\t\t\t\t\t\tdata-frame_999=\"sX:0.7;sY:0.7;o:0;e:back.in;st:w;sp:500;\"\n\t\t\t\t\t\t\t\tstyle=\"z-index:6;background-color:rgba(255,255,255,0.61);font-family:'Quicksand';\"\n\t\t\t\t\t\t\t>THE COOLEST FRUITS&VEGETABLES \n\t\t\t\t\t\t\t<\/rs-layer><!--\n\t\t\t\t\t--><\/rs-static-layers>\n\t\t\t\t<\/rs-module>\n\t\t\t\t<script>\n\t\t\t\t\tsetREVStartSize({c: 'rev_slider_2_1',rl:[1240,1240,1240,480],el:[750,750,750,720],gw:[1920,1920,1920,480],gh:[750,750,750,720],type:'standard',justify:'',layout:'fullwidth',mh:\"0\"});if (window.RS_MODULES!==undefined && window.RS_MODULES.modules!==undefined && window.RS_MODULES.modules[\"revslider21\"]!==undefined) {window.RS_MODULES.modules[\"revslider21\"].once = false;window.revapi2 = undefined;if (window.RS_MODULES.checkMinimal!==undefined) window.RS_MODULES.checkMinimal()}\n\t\t\t\t<\/script>\n\t\t\t<\/rs-module-wrap>\n\t\t\t<!-- END REVOLUTION SLIDER -->\n\n\t\t\t\t<\/div>\n\t\t\t<\/div><div class=\"et_pb_with_border et_pb_module dipl_interactive_image_card dipl_interactive_image_card_0 et_animated\">\n\t\t\t\t\n\t\t\t\t\n\t\t\t\t\n\t\t\t\t\n\t\t\t\t\n\t\t\t\t\n\t\t\t\t<div class=\"et_pb_module_inner\">\n\t\t\t\t\t<div class=\"dipl_interactive_image_card_wrapper\">\n\t\t\t\t\t\t\t<figure class=\"effect-ruby\">\n\t\t\t\t\t\t\t\t<img decoding=\"async\" src=\"https:\/\/www.mevsimfoods.com\/wp-content\/uploads\/2023\/12\/Untitled-1.jpg\" alt=\"\" srcset=\"https:\/\/www.mevsimfoods.com\/wp-content\/uploads\/2023\/12\/Untitled-1.jpg 1280w, https:\/\/www.mevsimfoods.com\/wp-content\/uploads\/2023\/12\/Untitled-1-980x551.jpg 980w, https:\/\/www.mevsimfoods.com\/wp-content\/uploads\/2023\/12\/Untitled-1-480x270.jpg 480w\" sizes=\"(min-width: 0px) and (max-width: 480px) 480px, (min-width: 481px) and (max-width: 980px) 980px, (min-width: 981px) 1280px, 100vw\" \/>\n\t\t\t\t\t\t\t\t<figcaption>\n\t\t\t\t\t\t\t\t\t<div class=\"dipl_interactive_image_card_wrapper_inner\">\n\t\t\t\t\t\t\t\t\t\t<h2 class=\"dipl_interactive_image_card_title\">BURSA<\/h2>\n\t\t\t\t\t\t\t\t\t\t<div class=\"dipl_interactive_image_card_wrapper_content\">\u00fcretim tesislerimiz<\/div>\n\t\t\t\t\t\t\t\t\t<\/div>\n\t\t\t\t\t\t\t\t<\/figcaption>\t\t\t\n\t\t\t\t\t\t\t<\/figure>\n\t\t\t\t\t\t<\/div>\n\t\t\t\t<\/div>\n\t\t\t<\/div><div class=\"et_pb_module dipl_interactive_image_card dipl_interactive_image_card_1 et_animated et_clickable\">\n\t\t\t\t\n\t\t\t\t\n\t\t\t\t\n\t\t\t\t\n\t\t\t\t\n\t\t\t\t\n\t\t\t\t<div class=\"et_pb_module_inner\">\n\t\t\t\t\t<div class=\"dipl_interactive_image_card_wrapper\">\n\t\t\t\t\t\t\t<figure class=\"&#8221;effect-ruby&#8221;\">\n\t\t\t\t\t\t\t\t<img decoding=\"async\" src=\"\" alt=\"\" class=\"et_multi_view_hidden_image\" \/>\n\t\t\t\t\t\t\t\t<figcaption>\n\t\t\t\t\t\t\t\t\t<div class=\"dipl_interactive_image_card_wrapper_inner\">\n\t\t\t\t\t\t\t\t\t\t<h2 class=\"dipl_interactive_image_card_title\">&#8221;MAN\u0130SA<\/h2>\n\t\t\t\t\t\t\t\t\t\t\n\t\t\t\t\t\t\t\t\t<\/div>\n\t\t\t\t\t\t\t\t<\/figcaption>\t\t\t\n\t\t\t\t\t\t\t<\/figure>\n\t\t\t\t\t\t<\/div>\n\t\t\t\t<\/div>\n\t\t\t<\/div><\/p>","protected":false},"author":1,"featured_media":0,"parent":0,"menu_order":0,"comment_status":"closed","ping_status":"closed","template":"","meta":{"_et_pb_use_builder":"on","_et_pb_old_content":"","_et_gb_content_width":"","_monsterinsights_skip_tracking":false,"_monsterinsights_sitenote_active":false,"_monsterinsights_sitenote_note":"","_monsterinsights_sitenote_category":0,"footnotes":""},"class_list":["post-112271","page","type-page","status-publish","hentry"],"aioseo_notices":[],"_links":{"self":[{"href":"https:\/\/www.mevsimfoods.com\/en\/wp-json\/wp\/v2\/pages\/112271","targetHints":{"allow":["GET"]}}],"collection":[{"href":"https:\/\/www.mevsimfoods.com\/en\/wp-json\/wp\/v2\/pages"}],"about":[{"href":"https:\/\/www.mevsimfoods.com\/en\/wp-json\/wp\/v2\/types\/page"}],"author":[{"embeddable":true,"href":"https:\/\/www.mevsimfoods.com\/en\/wp-json\/wp\/v2\/users\/1"}],"replies":[{"embeddable":true,"href":"https:\/\/www.mevsimfoods.com\/en\/wp-json\/wp\/v2\/comments?post=112271"}],"version-history":[{"count":35,"href":"https:\/\/www.mevsimfoods.com\/en\/wp-json\/wp\/v2\/pages\/112271\/revisions"}],"predecessor-version":[{"id":255722,"href":"https:\/\/www.mevsimfoods.com\/en\/wp-json\/wp\/v2\/pages\/112271\/revisions\/255722"}],"wp:attachment":[{"href":"https:\/\/www.mevsimfoods.com\/en\/wp-json\/wp\/v2\/media?parent=112271"}],"curies":[{"name":"wp","href":"https:\/\/api.w.org\/{rel}","templated":true}]}}